{"id":1304,"date":"2023-05-14T10:31:44","date_gmt":"2023-05-14T10:31:44","guid":{"rendered":"https:\/\/tc-weiss-blau.de\/?page_id=1304"},"modified":"2025-08-16T06:45:45","modified_gmt":"2025-08-16T06:45:45","slug":"kindertraining","status":"publish","type":"page","link":"https:\/\/tc-weiss-blau.de\/?page_id=1304","title":{"rendered":"Kindertraining"},"content":{"rendered":"\n<p>Seit Mai 2023 findet jeden Donnerstag ein Kindertraining f\u00fcr Kinder von 17.00h bis 19.00h auf dem Tennisplatz Haselbach statt.<br>Im Alter von 5 Jahren bis 16 Jahren wird das Training in mehrere Gruppen aufgeteilt.<\/p>\n\n\n\n<p>Anmeldungen oder Informationen k\u00f6nnen gerne \u00fcber Benjamin Kratschmer unter +49 176 47781448 get\u00e4tigt werden.<br><\/p>\n\n\n\n<figure class=\"wp-block-image size-full is-style-rounded\"><img fetchpriority=\"high\" decoding=\"async\" width=\"350\" height=\"219\" src=\"https:\/\/tc-weiss-blau.de\/wp-content\/uploads\/2021\/03\/thumb-350-734192.jpg\" alt=\"\" class=\"wp-image-533\" srcset=\"https:\/\/tc-weiss-blau.de\/wp-content\/uploads\/2021\/03\/thumb-350-734192.jpg 350w, https:\/\/tc-weiss-blau.de\/wp-content\/uploads\/2021\/03\/thumb-350-734192-300x188.jpg 300w\" sizes=\"(max-width: 350px) 100vw, 350px\" \/><\/figure>\n","protected":false},"excerpt":{"rendered":"<p>Seit Mai 2023 findet jeden Donnerstag ein Kindertraining f\u00fcr Kinder von 17.00h bis 19.00h auf dem Tennisplatz Haselbach statt.Im Alter von 5 Jahren bis 16 Jahren wird das Training in mehrere Gruppen aufgeteilt. Anmeldungen oder Informationen k\u00f6nnen gerne \u00fcber Benjamin Kratschmer unter +49 176 47781448 get\u00e4tigt werden.<\/p>\n","protected":false},"author":1,"featured_media":0,"parent":0,"menu_order":0,"comment_status":"closed","ping_status":"closed","template":"","meta":{"ngg_post_thumbnail":0,"footnotes":""},"class_list":["post-1304","page","type-page","status-publish","hentry"],"_links":{"self":[{"href":"https:\/\/tc-weiss-blau.de\/index.php?rest_route=\/wp\/v2\/pages\/1304","targetHints":{"allow":["GET"]}}],"collection":[{"href":"https:\/\/tc-weiss-blau.de\/index.php?rest_route=\/wp\/v2\/pages"}],"about":[{"href":"https:\/\/tc-weiss-blau.de\/index.php?rest_route=\/wp\/v2\/types\/page"}],"author":[{"embeddable":true,"href":"https:\/\/tc-weiss-blau.de\/index.php?rest_route=\/wp\/v2\/users\/1"}],"replies":[{"embeddable":true,"href":"https:\/\/tc-weiss-blau.de\/index.php?rest_route=%2Fwp%2Fv2%2Fcomments&post=1304"}],"version-history":[{"count":3,"href":"https:\/\/tc-weiss-blau.de\/index.php?rest_route=\/wp\/v2\/pages\/1304\/revisions"}],"predecessor-version":[{"id":1385,"href":"https:\/\/tc-weiss-blau.de\/index.php?rest_route=\/wp\/v2\/pages\/1304\/revisions\/1385"}],"wp:attachment":[{"href":"https:\/\/tc-weiss-blau.de\/index.php?rest_route=%2Fwp%2Fv2%2Fmedia&parent=1304"}],"curies":[{"name":"wp","href":"https:\/\/api.w.org\/{rel}","templated":true}]}}