{"id":14,"date":"2020-05-10T15:07:20","date_gmt":"2020-05-10T15:07:20","guid":{"rendered":"http:\/\/tc-weiss-blau.de\/?page_id=14"},"modified":"2021-09-16T13:45:57","modified_gmt":"2021-09-16T13:45:57","slug":"impressum","status":"publish","type":"page","link":"https:\/\/tc-weiss-blau.de\/?page_id=14","title":{"rendered":"Impressum"},"content":{"rendered":"\n<h2 class=\"wp-block-heading\">Impressum \/ DSGVO<\/h2>\n\n\n\n<h3 class=\"wp-block-heading\">Anbieter:<\/h3>\n\n\n\n<p>TC Wei\u00df Blau e.V.<\/p>\n\n\n\n<p>Vorstand: Sonja Baumgartner<\/p>\n\n\n\n<p>Stellv. Vorstand: Christian Moritz<\/p>\n\n\n\n<p>Gustav-Kapaun-Str. 21<\/p>\n\n\n\n<p>94113 Tiefenbach<\/p>\n\n\n\n<p>Tel. +49 160 7920780<\/p>\n\n\n\n<p>Mail: <a href=\"mailto:tennis.haselbach@arcor.de\">Tennis.haselbach@arcor.de<\/a><\/p>\n\n\n\n<p>Registergericht Passau, Vereins-Register-Nr. 1061<\/p>\n\n\n\n<p>Umsatzsteuer-Identifikationsnummer:<\/p>\n\n\n\n<h3 class=\"wp-block-heading\">Copyright:<\/h3>\n\n\n\n<p>Diese Seiten inklusive Texte, Graphiken, Scripts, etc. sind \u00a9 2020 by TC Wei\u00df Blau Haselbach.<\/p>\n\n\n\n<p>Jegliche Vervielf\u00e4ltigung, Speicherung in digitalen Datenbanken nur mit schriftlicher Genehmigung.<\/p>\n\n\n\n<h3 class=\"wp-block-heading\">Datenschutzerkl\u00e4rung<\/h3>\n\n\n\n<p>Der TC Wei\u00df Blau Haselbach nimmt als Anbieter der WebSite www.tc-weiss-blau.de und verantwortliche Stelle die Verpflichtung zum Datenschutz sehr ernst und gestaltet seine WebSite so, dass nur so wenige personenbezogene Daten wie n\u00f6tig erhoben, verarbeitet und genutzt werden. Unter keinen Umst\u00e4nden werden personenbezogene Daten zu Werbezwecken an Dritte vermietet oder verkauft. Ohne die ausdr\u00fcckliche Einwilligung des Besuchers werden keine personenbezogenen Daten f\u00fcr Werbe- oder Marketingzwecke genutzt.<\/p>\n\n\n\n<p>Zugriff auf personenbezogene Daten haben beim TC Wei\u00df Blau Haselbach nur solche Personen, die diese Daten zur Durchf\u00fchrung ihrer Aufgaben innerhalb der verantwortlichen Stelle ben\u00f6tigen, die \u00fcber die gesetzlichen Bestimmungen zum Datenschutz informiert sind und sich gem\u00e4\u00df der geltenden gesetzlichen Bestimmungen (Art. 5 der EU-Datenschutzgrundverordnung (EU-DSGVO)) verpflichtet haben, diese einzuhalten. Die Erhebung, Verarbeitung, Nutzung und \u00dcbermittlung der erhobenen personenbezogenen Daten erfolgt, nach Art 6. Absatz 1 EU-DSGVO, nur in dem Umfang, der f\u00fcr die Durchf\u00fchrung eines Vertragsverh\u00e4ltnisses zwischen dem TC Wei\u00df Blau Haselbach als verantwortlicher Stelle und dem Besucher, als Betroffenem, erforderlich ist.<\/p>\n\n\n\n<h3 class=\"wp-block-heading\">Zweck\u00e4nderungen der Verarbeitung und Datennutzung:<\/h3>\n\n\n\n<p>Da sich auf Grund des technischen Fortschritts und organisatorischer \u00c4nderungen der eingesetzten Verarbeitungsverfahren \u00e4ndern\/weiterentwickeln k\u00f6nnen behalten wir uns vor, die vorliegende Datenschutzerkl\u00e4rung gem\u00e4\u00df den neuen technischen Rahmenbedingungen weiterzuentwickeln. Wir bitten Sie deshalb die Datenschutzerkl\u00e4rung von von Zeit zu Zeit zu \u00fcberpr\u00fcfen. Sollten Sie mit den im Verlaufe der Zeit auftretenden Weiterentwicklungen nicht einverstanden sein, so k\u00f6nnen Sie schriftlich, gem\u00e4\u00df Art 17 EU-DSGVO, eine L\u00f6schung der Daten, die nicht auf Grundlage anderer gesetzlicher Vorgaben, wie handelsrechtlicher oder steuerrechtlicher Aufbewahrungspflichten, gespeichert werden, verlangen.<\/p>\n\n\n\n<h3 class=\"wp-block-heading\">Anonyme Datenerhebung:<\/h3>\n\n\n\n<p>Sie k\u00f6nnen die Webseiten der verantwortlichen Stelle grunds\u00e4tzlich besuchen, ohne uns mitzuteilen, wer Sie sind. Wir erfahren nur den Namen Ihres Internet Service Providers, die Webseite, von der aus Sie uns besuchen, und die Webseiten, die Sie bei uns besuchen. Diese Informationen werden zu statistischen Zwecken ausgewertet. Sie bleiben als einzelner Nutzer hierbei anonym.<\/p>\n\n\n\n<h3 class=\"wp-block-heading\">Erhebung und Verarbeitung personenbezogener Daten:<\/h3>\n\n\n\n<p>Personenbezogene Daten werden nur erhoben, wenn Sie uns diese von sich aus, zum Beispiel zur Newsletteranmeldung bzw. bei Anmeldung zum Hallenbuchungssystem mitteilen. Die verantwortliche Stelle h\u00e4lt sich dabei an die Vorgaben der Art 5 und 6 EU-DSGVO. Im Rahmen der personalisierten Dienste der verantwortlichen Stelle werden Ihre Registrierungsdaten unter der Voraussetzung Ihrer Einwilligung zum Zwecke der Zusendung unseres Newsletters, bzw. zur bedarfsgerechten Gestaltung der angebotenen elektronischen Dienste verarbeitet. Sie haben jederzeit die M\u00f6glichkeit, der Speicherung ihrer personenbezogenen Daten zu widersprechen. Bitte senden Sie dazu eine E-Mail an <a href=\"mailto:info@djk-tc-buechlberg.de\">Tennis.haselbach@arcor.de <\/a>mit dem Betreff &#8222;Datenbest\u00e4nde austragen&#8220;.&nbsp;<\/p>\n\n\n\n<p>Die Verarbeitung und Nutzung Ihrer personenbezogenen Daten erfolgt nach den Vorgaben der EU-DSGVO.&nbsp;&nbsp;<\/p>\n\n\n\n<h3 class=\"wp-block-heading\">Export und Verarbeitung der Daten in Staaten au\u00dferhalb des Europ\u00e4ischen Wirtschaftsraumes:<\/h3>\n\n\n\n<p>Es findet kein Export ihrer personenbezogenen Daten in Staaten au\u00dferhalb des Europ\u00e4ischen Wirtschaftsraumes (Im Folgenden EWR) statt.<\/p>\n\n\n\n<p>Die von der verantwortlichen Stelle eingeschalteten Dienstleister haben ihren Sitz und betreiben ihre IT-Infrastruktur ausschlie\u00dflich innerhalb des EWR. Dies gilt auch f\u00fcr eine eventuelle Nutzung von Cloud-basierenden Diensten. Mit den Dienstleistern bestehen Vertr\u00e4ge die den Datenschutz- und Datensicherheits-Vorgaben der EU-DSGVO entsprechen. Auch im Falle der Einschaltung von externen Dienstleistern bleibt der TC Wei\u00df Blau Haselbach die f\u00fcr die Verarbeitung verantwortliche Stelle.<\/p>\n\n\n\n<h3 class=\"wp-block-heading\">Nutzung und Weitergabe personenbezogener Daten:<\/h3>\n\n\n\n<p>Die im Rahmen der Webseiten der verantwortlichen Stelle erhobenen personenbezogenen Daten werden ohne Ihre Einwilligung nur zur Vertragsabwicklung und Bearbeitung Ihrer Anfragen genutzt. Dar\u00fcber hinaus erfolgt eine Nutzung Ihrer Daten f\u00fcr Zwecke der Werbung und Marktforschung der verantwortlichen Stelle nur, wenn Sie hierzu zuvor Ihre Einwilligung erteilt haben. Im \u00dcbrigen findet keine Weitergabe an sonstige Dritte statt. Ihre jeweilige Einwilligung k\u00f6nnen Sie selbstverst\u00e4ndlich jederzeit mit Wirkung f\u00fcr die Zukunft widerrufen.<\/p>\n\n\n\n<h3 class=\"wp-block-heading\">Externe Links:<\/h3>\n\n\n\n<p>Zu Ihrer Information finden Sie auf unseren Seiten Links, die auf Seiten Dritter verweisen. Soweit dies nicht offensichtlich erkennbar ist, weisen wir Sie darauf hin, dass es sich um einen externen Link handelt. Die verantwortliche Stelle hat keinerlei Einfluss auf den Inhalt und die Gestaltung dieser Seiten anderer Anbieter. Die Garantien dieser Datenschutzerkl\u00e4rung gelten daher f\u00fcr externe Anbieter nicht.<\/p>\n\n\n\n<h3 class=\"wp-block-heading\">Einsatz von Cookies:<\/h3>\n\n\n\n<p>Die verantwortliche Stelle verwendet sogenannte &#8222;Cookies&#8220;, um die Online-Erfahrung und Online-Zeit des Kunden individuell auszugestalten und zu optimieren. Ein Cookie ist eine Textdatei, die entweder tempor\u00e4r im Arbeitsspeicher des Computers abgelegt (&#8222;Sitzungscookie&#8220;) oder auf der Festplatte gespeichert wird (&#8222;permanenter&#8220; Cookie). Cookies enthalten z.B. Informationen \u00fcber die bisherigen Zugriffe des Nutzers auf den entsprechenden Server bzw. Informationen dar\u00fcber, welche Angebote bisher aufgerufen wurden. Cookies werden nicht dazu eingesetzt, um Programme auszuf\u00fchren oder Viren auf Ihren Computer zu laden. Hauptzweck von Cookies ist vielmehr, ein speziell auf den Kunden zugeschnittenes Angebot bereitzustellen und die Nutzung des Service so komfortabel wie m\u00f6glich zu gestalten.&nbsp;<\/p>\n\n\n\n<p>Der TC Wei\u00df Blau Haselbach verwendet Sitzungscookies sowie permanente Cookies.<\/p>\n\n\n\n<p><strong>Sitzungscookies<\/strong><br>Die verantwortliche Stelle verwendet \u00fcberwiegend &#8222;Sitzungscookies&#8220;, die nicht auf der Festplatte des Kunden gespeichert werden und die mit Verlassen des Browsers gel\u00f6scht werden. Sitzungscookies werden hierbei zur Login-Authentifizierung und zum Load-Balancing (Ausgleich der System-Belastung) verwendet.<\/p>\n\n\n\n<p><strong>Permanente Cookies<\/strong><br>Dar\u00fcber hinaus verwendet die verantwortliche Stelle \u201epermanente Cookies\u201c, um die pers\u00f6nlichen Nutzungseinstellungen, die ein Kunde bei der Nutzung der Services der verantwortlichen Stelle eingibt, zu speichern und so eine Personalisierung und Verbesserung des Service vornehmen zu k\u00f6nnen. Durch die permanenten Cookies wird sichergestellt, dass der Kunde bei einem erneuten Besuch der Webseiten der verantwortlichen Stelle seine pers\u00f6nlichen Einstellungen wieder vorfindet Daneben verwenden die Dienstleister, die die verantwortliche Stelle mit der Analyse des Nutzerverhaltens beauftragt hat, permanente Cookies, um wiederkehrende Nutzer erkennen zu k\u00f6nnen. Diese Dienste speichern die vom Cookie \u00fcbermittelten Daten ausschlie\u00dflich anonym ab. Eine Zuordnung zur IP-Adresse des Kunden wird nicht vorgehalten.<\/p>\n\n\n\n<p><strong>Vermeidung von Cookies<\/strong><br>Der Besucher hat jederzeit die M\u00f6glichkeit, das Setzen von Cookies abzulehnen. Dies geschieht in der Regel durch die Wahl der entsprechenden Option in den Einstellungen des Browsers oder durch zus\u00e4tzliche Programme. N\u00e4heres ist der Hilfe-Funktion des kundenseitig verwendeten Browsers zu entnehmen. Entscheidet sich der Kunde f\u00fcr die Ausschaltung von Cookies, kann dies den Leistungsumfang des Services mindern und sich bei der Nutzung der Dienste der verantwortlichen negativ bemerkbar machen.<\/p>\n\n\n\n<h3 class=\"wp-block-heading\">Weitere Informationen und Kontakte:<\/h3>\n\n\n\n<p>Wenn Sie weitere Fragen zum Thema \u201cDatenschutz beim TC Wei\u00df Blau Haselbach\u201d haben, wenden Sie sich bitte an untenstehende Adresse. Sie k\u00f6nnen erfragen, welche Ihrer Daten bei uns gespeichert sind. Dar\u00fcber hinaus k\u00f6nnen Sie Ausk\u00fcnfte, L\u00f6schungs- und Berichtigungsw\u00fcnsche zu Ihren Daten und gerne auch Anregungen jederzeit per Brief oder E-Mail an folgende Adresse senden:<\/p>\n\n\n\n<p>Sonja Baumgartner Gustav-Kapaun Str. 21, 94113 Tiefenbach<br>mail: <a href=\"mailto:Tennis.haselbach@arcor.de\">Tennis.haselbach@arcor.de<\/a><\/p>\n\n\n<p><!--EndFragment--><\/p>","protected":false},"excerpt":{"rendered":"<p>Impressum \/ DSGVO Anbieter: TC Wei\u00df Blau e.V. Vorstand: Sonja Baumgartner Stellv. Vorstand: Christian Moritz Gustav-Kapaun-Str. 21 94113 Tiefenbach Tel. +49 160 7920780 Mail: Tennis.haselbach@arcor.de Registergericht Passau, Vereins-Register-Nr. 1061 Umsatzsteuer-Identifikationsnummer: Copyright: Diese Seiten inklusive Texte, Graphiken, Scripts, etc. sind \u00a9 2020 by TC Wei\u00df Blau Haselbach. Jegliche Vervielf\u00e4ltigung, Speicherung in digitalen Datenbanken nur mit schriftlicher&hellip;<\/p>\n","protected":false},"author":1,"featured_media":0,"parent":0,"menu_order":0,"comment_status":"closed","ping_status":"closed","template":"","meta":{"ngg_post_thumbnail":0,"footnotes":""},"class_list":["post-14","page","type-page","status-publish","hentry"],"_links":{"self":[{"href":"https:\/\/tc-weiss-blau.de\/index.php?rest_route=\/wp\/v2\/pages\/14","targetHints":{"allow":["GET"]}}],"collection":[{"href":"https:\/\/tc-weiss-blau.de\/index.php?rest_route=\/wp\/v2\/pages"}],"about":[{"href":"https:\/\/tc-weiss-blau.de\/index.php?rest_route=\/wp\/v2\/types\/page"}],"author":[{"embeddable":true,"href":"https:\/\/tc-weiss-blau.de\/index.php?rest_route=\/wp\/v2\/users\/1"}],"replies":[{"embeddable":true,"href":"https:\/\/tc-weiss-blau.de\/index.php?rest_route=%2Fwp%2Fv2%2Fcomments&post=14"}],"version-history":[{"count":6,"href":"https:\/\/tc-weiss-blau.de\/index.php?rest_route=\/wp\/v2\/pages\/14\/revisions"}],"predecessor-version":[{"id":1137,"href":"https:\/\/tc-weiss-blau.de\/index.php?rest_route=\/wp\/v2\/pages\/14\/revisions\/1137"}],"wp:attachment":[{"href":"https:\/\/tc-weiss-blau.de\/index.php?rest_route=%2Fwp%2Fv2%2Fmedia&parent=14"}],"curies":[{"name":"wp","href":"https:\/\/api.w.org\/{rel}","templated":true}]}}