{"id":492,"date":"2021-03-04T10:38:47","date_gmt":"2021-03-04T10:38:47","guid":{"rendered":"https:\/\/tc-weiss-blau.de\/?page_id=492"},"modified":"2022-05-14T10:27:58","modified_gmt":"2022-05-14T10:27:58","slug":"forderungspyramide","status":"publish","type":"page","link":"https:\/\/tc-weiss-blau.de\/?page_id=492","title":{"rendered":"Forderungspyramide"},"content":{"rendered":"\n<div class=\"wp-block-columns is-layout-flex wp-container-core-columns-is-layout-9d6595d7 wp-block-columns-is-layout-flex\">\n<div class=\"wp-block-column is-layout-flow wp-block-column-is-layout-flow\" style=\"flex-basis:100%\"><\/div>\n<\/div>\n\n\n\n<p><\/p>\n\n\n\n<div class=\"wp-block-group\"><div class=\"wp-block-group__inner-container is-layout-flow wp-block-group-is-layout-flow\">\n<div class=\"content\">\n            <iframe style=\"width: 100%; height: 500px\"\n               src=\"https:\/\/www.online-rangliste.de\/index.php?iframe=XUV9z3G0rZG0s0Ke\">\n            <\/iframe>\n<\/div>\n<\/div><\/div>\n\n\n\n<p>Zur Forderungs-Website: <a href=\"https:\/\/www.online-rangliste.de\/index.php\">https:\/\/www.online-rangliste.de\/index.php<\/a><\/p>\n\n\n\n<p><\/p>\n\n\n\n<p><strong>Die Regeln<\/strong>: <\/p>\n\n\n\n<ul class=\"wp-block-list\"><li>Gefordert werden kann nun \u00fcber eine Website (siehe Link)<\/li><li>Anmeldung \u00fcber E-Mail<\/li><li>Es k\u00f6nnen immer die Spieler gefordert werden, die links neben dir in derselben Reihe stehen oder rechts in der Reihe \u00fcber dir<\/li><li>Wer an Position 3 steht, kann Position 2 und 1 fordern<\/li><li>Die Ergebnisse m\u00fcssen in die Liste eingetragen werden<\/li><li>Bei der Terminbuchung &#8222;<em>Forderung<\/em>&#8220; dazuschreiben<\/li><li>Gewinnt der Herausforderer das Spiel, nimmt er in der Rangliste die Position des geforderten Spielers ein. Der Verlierer, sowie die eventuell zwischen dem Herausforderer und dem geforderten Spieler platzierten Spieler, r\u00fccken in der Rangliste eine Position zur\u00fcck. Gewinnt der geforderte Spieler, \u00e4ndert sich in der Rangliste nichts<\/li><li>Gespielt wird in einem Best of 3-Match (2 Gewinns\u00e4tze)<\/li><li>Start und Ende der Forderungspyramide wird rechtzeitig bekannt gegeben<\/li><li>Die ersten 4 der Pyramide werden in der Vereinsmeisterschaft gesetzt<\/li><\/ul>\n\n\n\n<p>Bei Fragen zum Ablauf oder zur Anmeldung: <\/p>\n\n\n\n<p>Daniel und Beni Kratschmer <\/p>\n","protected":false},"excerpt":{"rendered":"<p>Zur Forderungs-Website: https:\/\/www.online-rangliste.de\/index.php Die Regeln: Gefordert werden kann nun \u00fcber eine Website (siehe Link) Anmeldung \u00fcber E-Mail Es k\u00f6nnen immer die Spieler gefordert werden, die links neben dir in derselben Reihe stehen oder rechts in der Reihe \u00fcber dir Wer an Position 3 steht, kann Position 2 und 1 fordern Die Ergebnisse m\u00fcssen in die&hellip;<\/p>\n","protected":false},"author":3,"featured_media":0,"parent":0,"menu_order":0,"comment_status":"closed","ping_status":"closed","template":"","meta":{"ngg_post_thumbnail":0,"footnotes":""},"class_list":["post-492","page","type-page","status-publish","hentry"],"_links":{"self":[{"href":"https:\/\/tc-weiss-blau.de\/index.php?rest_route=\/wp\/v2\/pages\/492","targetHints":{"allow":["GET"]}}],"collection":[{"href":"https:\/\/tc-weiss-blau.de\/index.php?rest_route=\/wp\/v2\/pages"}],"about":[{"href":"https:\/\/tc-weiss-blau.de\/index.php?rest_route=\/wp\/v2\/types\/page"}],"author":[{"embeddable":true,"href":"https:\/\/tc-weiss-blau.de\/index.php?rest_route=\/wp\/v2\/users\/3"}],"replies":[{"embeddable":true,"href":"https:\/\/tc-weiss-blau.de\/index.php?rest_route=%2Fwp%2Fv2%2Fcomments&post=492"}],"version-history":[{"count":17,"href":"https:\/\/tc-weiss-blau.de\/index.php?rest_route=\/wp\/v2\/pages\/492\/revisions"}],"predecessor-version":[{"id":1250,"href":"https:\/\/tc-weiss-blau.de\/index.php?rest_route=\/wp\/v2\/pages\/492\/revisions\/1250"}],"wp:attachment":[{"href":"https:\/\/tc-weiss-blau.de\/index.php?rest_route=%2Fwp%2Fv2%2Fmedia&parent=492"}],"curies":[{"name":"wp","href":"https:\/\/api.w.org\/{rel}","templated":true}]}}